{"id":7,"date":"2019-10-15T12:14:46","date_gmt":"2019-10-15T05:14:46","guid":{"rendered":"http:\/\/sabanlichsudientu.io.vn\/?page_id=7"},"modified":"2025-08-18T08:16:11","modified_gmt":"2025-08-18T01:16:11","slug":"gioi-thieu","status":"publish","type":"page","link":"https:\/\/sabanlichsudientu.io.vn\/?page_id=7","title":{"rendered":"V\u1ec0 CH\u00daNG T\u00d4I"},"content":{"rendered":"\n\t<div id=\"text-2938790046\" class=\"text\">\n\t\t\n\n<div style=\"text-align: justify;\">Ch\u00e0o m\u1eebng Qu\u00fd kh\u00e1ch \u0111\u1ebfn v\u1edbi <strong>C\u00f4ng ty TNHH T\u1ea1 Thanh Thi\u1ec7n<\/strong>, \u0111\u1ecba ch\u1ec9 tin c\u1eady h\u00e0ng \u0111\u1ea7u trong l\u0129nh v\u1ef1c thi\u1ebft k\u1ebf v\u00e0 gia c\u00f4ng sa b\u00e0n l\u1ecbch s\u1eed \u0111i\u1ec7n t\u1eed, \u0111\u1ed3 d\u00f9ng d\u1ea1y h\u1ecdc v\u00e0 c\u00e1c s\u1ea3n ph\u1ea9m s\u00e1ng t\u1ea1o ph\u1ee5c v\u1ee5 gi\u00e1o d\u1ee5c.<\/div>\n<div style=\"text-align: justify;\">V\u1edbi \u0111\u1ed9i ng\u0169 k\u1ef9 thu\u1eadt vi\u00ean v\u00e0 chuy\u00ean gia nhi\u1ec1u n\u0103m kinh nghi\u1ec7m, ch\u00fang t\u00f4i t\u1ef1 h\u00e0o mang \u0111\u1ebfn nh\u1eefng m\u00f4 h\u00ecnh sa b\u00e0n l\u1ecbch s\u1eed s\u1ed1ng \u0111\u1ed9ng, thi\u1ebft b\u1ecb d\u1ea1y h\u1ecdc hi\u1ec7n \u0111\u1ea1i, c\u00f9ng c\u00e1c \u0111\u1ed3 d\u00f9ng s\u00e1ng t\u1ea1o \u0111\u00e1p \u1ee9ng ti\u00eau chu\u1ea9n s\u01b0 ph\u1ea1m, g\u00f3p ph\u1ea7n n\u00e2ng cao ch\u1ea5t l\u01b0\u1ee3ng gi\u1ea3ng d\u1ea1y v\u00e0 h\u1ecdc t\u1eadp.<\/div>\n<div style=\"text-align: justify;\">M\u1ed7i s\u1ea3n ph\u1ea9m \u0111\u1ec1u \u0111\u01b0\u1ee3c thi\u1ebft k\u1ebf t\u1ec9 m\u1ec9, an to\u00e0n, d\u1ec5 s\u1eed d\u1ee5ng v\u00e0 c\u00f3 t\u00ednh \u1ee9ng d\u1ee5ng cao trong c\u00e1c ti\u1ebft h\u1ecdc tr\u1ef1c quan, tr\u01b0ng b\u00e0y tri\u1ec3n l\u00e3m hay ph\u1ee5c v\u1ee5 nghi\u00ean c\u1ee9u l\u1ecbch s\u1eed. Ch\u00fang t\u00f4i lu\u00f4n s\u1eb5n s\u00e0ng thi\u1ebft k\u1ebf theo y\u00eau c\u1ea7u ri\u00eang, \u0111\u1ea3m b\u1ea3o ph\u00f9 h\u1ee3p v\u1edbi m\u1ee5c ti\u00eau gi\u1ea3ng d\u1ea1y c\u1ee7a t\u1eebng \u0111\u01a1n v\u1ecb.<\/div>\n<div style=\"text-align: justify;\">Ch\u00fang t\u00f4i t\u1ef1 h\u00e0o mang \u0111\u1ebfn nh\u1eefng m\u00f4 h\u00ecnh sa b\u00e0n l\u1ecbch s\u1eed s\u1ed1ng \u0111\u1ed9ng, gi\u00fap t\u00e1i hi\u1ec7n ch\u00e2n th\u1ef1c c\u00e1c tr\u1eadn \u0111\u00e1nh, di t\u00edch, c\u00f4ng tr\u00ecnh ki\u1ebfn tr\u00fac l\u1ecbch s\u1eed cho c\u00e1c vi\u1ec7n b\u1ea3o t\u00e0ng, ph\u00f2ng tr\u01b0ng b\u00e0y, khu di t\u00edch l\u1ecbch s\u1eed, c\u00e1c cu\u1ed9c tri\u1ec3n l\u00e3m chuy\u00ean \u0111\u1ec1 tr\u00ean to\u00e0n qu\u1ed1c.<\/div>\n<div style=\"text-align: justify;\">C\u00e1c sa b\u00e0n do <strong>C\u00f4ng ty TNHH T\u1ea1 Thanh Thi\u1ec7n<\/strong> thi\u1ebft k\u1ebf kh\u00f4ng ch\u1ec9 \u0111\u1ea3m b\u1ea3o t\u00ednh th\u1ea9m m\u1ef9, \u0111\u1ed9 ch\u00ednh x\u00e1c v\u1ec1 l\u1ecbch s\u1eed m\u00e0 c\u00f2n t\u00edch h\u1ee3p c\u00e1c c\u00f4ng ngh\u1ec7 hi\u1ec7n \u0111\u1ea1i nh\u01b0 \u0111i\u1ec1u khi\u1ec3n \u0111i\u1ec7n t\u1eed, hi\u1ec7u \u1ee9ng \u00e2m thanh \u2013 \u00e1nh s\u00e1ng, tr\u00ecnh chi\u1ebfu \u0111a ph\u01b0\u01a1ng ti\u1ec7n, mang \u0111\u1ebfn tr\u1ea3i nghi\u1ec7m tr\u1ef1c quan, sinh \u0111\u1ed9ng v\u00e0 cu\u1ed1n h\u00fat ng\u01b0\u1eddi xem.<\/div>\n<div style=\"text-align: justify;\">B\u00ean c\u1ea1nh \u0111\u00f3, ch\u00fang t\u00f4i c\u00f2n cung c\u1ea5p \u0111a d\u1ea1ng \u0111\u1ed3 d\u00f9ng d\u1ea1y h\u1ecdc, thi\u1ebft b\u1ecb gi\u1ea3ng d\u1ea1y v\u00e0 \u0111\u1ed3 d\u00f9ng s\u00e1ng t\u1ea1o, \u0111\u01b0\u1ee3c thi\u1ebft k\u1ebf t\u1ec9 m\u1ec9, an to\u00e0n, d\u1ec5 s\u1eed d\u1ee5ng, ph\u00f9 h\u1ee3p v\u1edbi nhi\u1ec1u c\u1ea5p h\u1ecdc v\u00e0 nhu c\u1ea7u tr\u01b0ng b\u00e0y.<\/div>\n<div style=\"text-align: justify;\"><strong>C\u00f4ng ty TNHH T\u1ea1 Thanh Thi\u1ec7n<\/strong> cam k\u1ebft \u0111\u1ed3ng h\u00e0nh c\u00f9ng Qu\u00fd th\u1ea7y c\u00f4, nh\u00e0 tr\u01b0\u1eddng, c\u00e1c c\u01a1 quan b\u1ea3o t\u00e0ng, ban qu\u1ea3n l\u00fd di t\u00edch, c\u00e1c t\u1ed5 ch\u1ee9c tri\u1ec3n l\u00e3m\u2026 trong vi\u1ec7c b\u1ea3o t\u1ed3n v\u00e0 ph\u00e1t huy gi\u00e1 tr\u1ecb l\u1ecbch s\u1eed, mang l\u1ecbch s\u1eed \u0111\u1ebfn g\u1ea7n h\u01a1n v\u1edbi c\u1ed9ng \u0111\u1ed3ng, trong h\u00e0nh tr\u00ecnh \u0111\u1ed5i m\u1edbi ph\u01b0\u01a1ng ph\u00e1p gi\u1ea3ng d\u1ea1y, mang l\u1ea1i nh\u1eefng ti\u1ebft h\u1ecdc sinh \u0111\u1ed9ng, cu\u1ed1n h\u00fat v\u00e0 gi\u00e0u gi\u00e1 tr\u1ecb.<\/div>\n<div style=\"text-align: justify;\">Tr\u00e2n tr\u1ecdng c\u1ea3m \u01a1n Qu\u00fd kh\u00e1ch \u0111\u00e3 tin t\u01b0\u1edfng v\u00e0 l\u1ef1a ch\u1ecdn ch\u00fang t\u00f4i!<\/div>\n<div style=\"text-align: justify;\">H\u00e3y li\u00ean h\u1ec7 ngay \u0111\u1ec3 nh\u1eadn t\u01b0 v\u1ea5n v\u00e0 b\u00e1o gi\u00e1 t\u1ed1t nh\u1ea5t.<\/div>\n\t\t\n<style>\n#text-2938790046 {\n  color: rgb(0,0,0);\n}\n#text-2938790046 > * {\n  color: rgb(0,0,0);\n}\n<\/style>\n\t<\/div>\n\t\n\n","protected":false},"excerpt":{"rendered":"","protected":false},"author":4,"featured_media":0,"parent":0,"menu_order":0,"comment_status":"closed","ping_status":"closed","template":"page-right-sidebar.php","meta":{"footnotes":""},"class_list":["post-7","page","type-page","status-publish","hentry"],"_links":{"self":[{"href":"https:\/\/sabanlichsudientu.io.vn\/index.php?rest_route=\/wp\/v2\/pages\/7","targetHints":{"allow":["GET"]}}],"collection":[{"href":"https:\/\/sabanlichsudientu.io.vn\/index.php?rest_route=\/wp\/v2\/pages"}],"about":[{"href":"https:\/\/sabanlichsudientu.io.vn\/index.php?rest_route=\/wp\/v2\/types\/page"}],"author":[{"embeddable":true,"href":"https:\/\/sabanlichsudientu.io.vn\/index.php?rest_route=\/wp\/v2\/users\/4"}],"replies":[{"embeddable":true,"href":"https:\/\/sabanlichsudientu.io.vn\/index.php?rest_route=%2Fwp%2Fv2%2Fcomments&post=7"}],"version-history":[{"count":5,"href":"https:\/\/sabanlichsudientu.io.vn\/index.php?rest_route=\/wp\/v2\/pages\/7\/revisions"}],"predecessor-version":[{"id":2556,"href":"https:\/\/sabanlichsudientu.io.vn\/index.php?rest_route=\/wp\/v2\/pages\/7\/revisions\/2556"}],"wp:attachment":[{"href":"https:\/\/sabanlichsudientu.io.vn\/index.php?rest_route=%2Fwp%2Fv2%2Fmedia&parent=7"}],"curies":[{"name":"wp","href":"https:\/\/api.w.org\/{rel}","templated":true}]}}