{"id":24,"date":"2019-10-15T12:21:29","date_gmt":"2019-10-15T05:21:29","guid":{"rendered":"http:\/\/sabanlichsudientu.io.vn\/?page_id=24"},"modified":"2025-09-20T15:20:46","modified_gmt":"2025-09-20T08:20:46","slug":"dich-vu","status":"publish","type":"page","link":"https:\/\/sabanlichsudientu.io.vn\/?page_id=24","title":{"rendered":"D\u1ecaCH V\u1ee4"},"content":{"rendered":"\n\t<div id=\"text-119590261\" class=\"text\">\n\t\t\n\n<p style=\"text-align: center;\"><strong>C\u00d4NG TY TNHH T\u1ea0 THANH THI\u1ec6N\u00a0<\/strong><\/p>\n<h2 style=\"text-align: center;\"><strong>1. TI\u00caN PHONG TRONG THI\u1ebeT K\u1ebe SA B\u00c0N L\u1ecaCH S\u1eec <\/strong><\/h2>\n<h2 style=\"text-align: center;\"><strong>SA B\u00c0N QU\u00c2N S\u1ef0 \u0110I\u1ec6N T\u1eec<\/strong><\/h2>\n<p style=\"text-align: left;\"><strong>\u00a0 \u00a0 \u00a0 \u00a0Gi\u1edbi thi\u1ec7u chung<\/strong><br \/>\u00a0 \u00a0 \u00a0 C\u00f4ng ty TNHH T\u1ea1 Thanh Thi\u1ec7n l\u00e0 \u0111\u01a1n v\u1ecb h\u00e0ng \u0111\u1ea7u t\u1ea1i Vi\u1ec7t Nam trong l\u0129nh v\u1ef1c thi\u1ebft k\u1ebf v\u00e0 thi c\u00f4ng sa b\u00e0n l\u1ecbch s\u1eed \u0111i\u1ec7n t\u1eed v\u00e0 sa b\u00e0n qu\u00e2n s\u1ef1 \u0111i\u1ec7n t\u1eed. V\u1edbi h\u01a1n 30 n\u0103m kinh nghi\u1ec7m, ch\u00fang t\u00f4i t\u1ef1 h\u00e0o mang \u0111\u1ebfn nh\u1eefng s\u1ea3n ph\u1ea9m m\u00f4 h\u00ecnh t\u01b0\u01a1ng t\u00e1c hi\u1ec7n \u0111\u1ea1i, ph\u1ee5c v\u1ee5 hi\u1ec7u qu\u1ea3 cho c\u00f4ng t\u00e1c gi\u00e1o d\u1ee5c l\u1ecbch s\u1eed, hu\u1ea5n luy\u1ec7n qu\u00e2n s\u1ef1, tr\u01b0ng b\u00e0y c\u00e1c Vi\u1ec7n b\u1ea3o t\u00e0ng, ph\u00f2ng tr\u01b0ng b\u00e0y, c\u00e1c khu tri\u1ec3n l\u00e3m, du lich\u2026<\/p>\n<p style=\"text-align: left;\"><strong>\u00a0 \u00a0 \u00a0D\u1ecbch v\u1ee5 n\u1ed5i b\u1eadt<\/strong><br \/><em>\u2022<strong> Sa b\u00e0n l\u1ecbch s\u1eed \u0111i\u1ec7n t\u1eed:<\/strong><\/em><br \/>\u00a0 \u00a0 \u00a0 \u00a0o T\u00e1i hi\u1ec7n c\u00e1c tr\u1eadn \u0111\u00e1nh l\u1ecbch s\u1eed b\u1eb1ng c\u00f4ng ngh\u1ec7 \u00e1nh s\u00e1ng, \u00e2m thanh v\u00e0 chuy\u1ec3n \u0111\u1ed9ng.<br \/>\u00a0 \u00a0 \u00a0 o T\u00edch h\u1ee3p m\u00e0n h\u00ecnh c\u1ea3m \u1ee9ng, b\u1ea3n \u0111\u1ed3 s\u1ed1 2D\/3D, h\u1ec7 th\u1ed1ng \u0111i\u1ec1u khi\u1ec3n t\u1eeb xa.<br \/>\u00a0 \u00a0 \u00a0 o Ph\u1ee5c v\u1ee5 b\u1ea3o t\u00e0ng, khu di t\u00edch, tr\u01b0\u1eddng h\u1ecdc v\u00e0 tri\u1ec3n l\u00e3m.<\/p>\n<p style=\"text-align: left;\">\u2022<strong><em> Sa b\u00e0n qu\u00e2n s\u1ef1 \u0111i\u1ec7n t\u1eed:<\/em><\/strong><br \/>\u00a0 \u00a0 \u00a0 o M\u00f4 ph\u1ecfng chi\u1ebfn thu\u1eadt t\u00e1c chi\u1ebfn tr\u00ean n\u1ec1n b\u1ea3n \u0111\u1ed3 s\u1ed1.<br \/>\u00a0 \u00a0 \u00a0o H\u1ed7 tr\u1ee3 hu\u1ea5n luy\u1ec7n, di\u1ec5n t\u1eadp ch\u1ec9 huy tham m\u01b0u.<br \/>\u00a0 \u00a0 \u00a0o T\u00edch h\u1ee3p hi\u1ec7u \u1ee9ng h\u00ecnh \u1ea3nh, \u00e2m thanh, b\u00e1o c\u00e1o tr\u1ef1c quan.<br \/><strong>C\u00f4ng ngh\u1ec7 \u1ee9ng d\u1ee5ng<\/strong><br \/>\u00a0 \u00a0 \u00a0 \u2022 In 3D \u0111\u1ed9 ph\u00e2n gi\u1ea3i cao.<br \/>\u00a0 \u00a0 \u00a0 \u2022 H\u1ec7 th\u1ed1ng \u0111i\u1ec1u khi\u1ec3n vi x\u1eed l\u00fd Arduino, Raspberry Pi.<br \/>\u00a0 \u00a0 \u00a0\u2022 B\u1ea3n \u0111\u1ed3 s\u1ed1 GIS t\u00edch h\u1ee3p k\u00fd hi\u1ec7u qu\u00e2n s\u1ef1 chu\u1ea9n.<br \/>\u00a0 \u00a0 \u00a0\u2022 Ph\u1ea7n m\u1ec1m m\u00f4 ph\u1ecfng t\u01b0\u01a1ng t\u00e1c th\u1eddi gian th\u1ef1c.<br \/><strong>\u01afu \u0111i\u1ec3m v\u01b0\u1ee3t tr\u1ed9i<\/strong><br \/>\u00a0 \u00a0 \u00a0 \u2022 \u0110\u1ed9 ch\u00ednh x\u00e1c cao, t\u00ednh t\u01b0\u01a1ng t\u00e1c m\u1ea1nh.<br \/>\u00a0 \u00a0 \u00a0 \u2022 Thi\u1ebft k\u1ebf theo y\u00eau c\u1ea7u, ph\u00f9 h\u1ee3p t\u1eebng m\u1ee5c \u0111\u00edch s\u1eed d\u1ee5ng.<br \/>\u00a0 \u00a0 \u00a0 \u2022 \u0110\u1ed9i ng\u0169 k\u1ef9 s\u01b0, ki\u1ebfn tr\u00fac s\u01b0 gi\u00e0u kinh nghi\u1ec7m v\u00e0 s\u00e1ng t\u1ea1o.<br \/>\u00a0 \u00a0 \u00a0 \u2022 B\u1ea3o h\u00e0nh d\u00e0i h\u1ea1n, h\u1ed7 tr\u1ee3 k\u1ef9 thu\u1eadt t\u1eadn n\u01a1i.<\/p>\n<p>\u00a0<\/p>\n<p><img loading=\"lazy\" decoding=\"async\" class=\"wp-image-2134 aligncenter\" src=\"https:\/\/sabanlichsudientu.io.vn\/wp-content\/uploads\/2025\/07\/001.jpg\" alt=\"\" width=\"525\" height=\"685\" \/><\/p>\n<p>\u00a0<\/p>\n<p><img loading=\"lazy\" decoding=\"async\" class=\"size-full wp-image-2135 aligncenter\" src=\"https:\/\/sabanlichsudientu.io.vn\/wp-content\/uploads\/2025\/07\/002.jpg\" alt=\"\" width=\"525\" height=\"685\" \/><\/p>\n<p>\u00a0<\/p>\n<p><img loading=\"lazy\" decoding=\"async\" class=\"size-full wp-image-2136 aligncenter\" src=\"https:\/\/sabanlichsudientu.io.vn\/wp-content\/uploads\/2025\/07\/003.jpg\" alt=\"\" width=\"1031\" height=\"527\" \/><\/p>\n<p><!--nextpage--><\/p>\n<h2 style=\"text-align: center;\"><b>2. CHUY\u00caN NGHI\u1ec6P TRONG THI\u1ebeT K\u1ebe \u0110\u1ed2 D\u00d9NG D\u1ea0Y H\u1eccC<\/b><\/h2>\n<p>\u00a0 \u00a0 \u00a0 Chuy\u00ean nghi\u1ec7p v\u1ec1 Thi\u1ebft k\u1ebf \u0111\u1ed3 d\u00f9ng d\u1ea1y h\u1ecdc \u0111\u00e2y l\u00e0 m\u1ed9t l\u0129nh v\u1ef1c \u0111\u1ea7y s\u00e1ng t\u1ea1o v\u00e0 \u00fd ngh\u0129a, g\u00f3p ph\u1ea7n n\u00e2ng cao hi\u1ec7u qu\u1ea3 gi\u00e1o d\u1ee5c trong m\u1ecdi c\u1ea5p h\u1ecdc. \u0110\u00e2y kh\u00f4ng ch\u1ec9 l\u00e0 vi\u1ec7c t\u1ea1o ra nh\u1eefng c\u00f4ng c\u1ee5 gi\u1ea3ng d\u1ea1y nh\u01b0 m\u00f4 h\u00ecnh, tranh \u1ea3nh, h\u1ecdc c\u1ee5&#8230; m\u00e0 c\u00f2n l\u00e0 s\u1ef1 k\u1ebft h\u1ee3p gi\u1eefa m\u1ef9 thu\u1eadt, s\u01b0 ph\u1ea1m v\u00e0 c\u00f4ng ngh\u1ec7 \u0111\u1ec3 ph\u1ee5c v\u1ee5 qu\u00e1 tr\u00ecnh h\u1ecdc t\u1eadp.<\/p>\n<p><strong>M\u1ee5c ti\u00eau ch\u00ednh c\u1ee7a ng\u00e0nh<\/strong><\/p>\n<ul>\n<li>Ph\u00e1t tri\u1ec3n c\u00e1c ph\u01b0\u01a1ng ti\u1ec7n tr\u1ef1c quan h\u1ed7 tr\u1ee3 gi\u1ea3ng d\u1ea1y<\/li>\n<li>\u0110\u1ea3m b\u1ea3o t\u00ednh khoa h\u1ecdc, s\u01b0 ph\u1ea1m v\u00e0 th\u1ea9m m\u1ef9<\/li>\n<li>Gi\u00fap h\u1ecdc sinh hi\u1ec3u b\u00e0i d\u1ec5 h\u01a1n, ti\u1ebfp thu nhanh v\u00e0 h\u1ee9ng th\u00fa h\u1ecdc t\u1eadp<\/li>\n<\/ul>\n<p><strong>N\u1ed9i dung chuy\u00ean ng\u00e0nh c\u00f3 th\u1ec3 bao g\u1ed3m:<\/strong><\/p>\n<ul>\n<li>Thi\u1ebft k\u1ebf \u0111\u1ed3 d\u00f9ng d\u1ea1y h\u1ecdc truy\u1ec1n th\u1ed1ng: b\u1ea3ng bi\u1ec3u, tranh v\u1ebd, m\u00f4 h\u00ecnh gi\u1ea5y<\/li>\n<li>Thi\u1ebft k\u1ebf \u0111\u1ed3 d\u00f9ng d\u1ea1y h\u1ecdc hi\u1ec7n \u0111\u1ea1i: ph\u1ea7n m\u1ec1m, game gi\u00e1o d\u1ee5c, video t\u01b0\u01a1ng t\u00e1c<\/li>\n<li>\u1ee8ng d\u1ee5ng c\u00f4ng ngh\u1ec7 3D, AR\/VR v\u00e0o gi\u1ea3ng d\u1ea1y<\/li>\n<li>Thi\u1ebft k\u1ebf theo t\u1eebng m\u00f4n h\u1ecdc: to\u00e1n, l\u00fd, sinh, ng\u1eef v\u0103n&#8230;<\/li>\n<\/ul>\n<p><strong>C\u01a1 h\u1ed9i ngh\u1ec1 nghi\u1ec7p<\/strong><\/p>\n<ul>\n<li>L\u00e0m vi\u1ec7c t\u1ea1i c\u00e1c tr\u01b0\u1eddng h\u1ecdc, vi\u1ec7n nghi\u00ean c\u1ee9u gi\u00e1o d\u1ee5c<\/li>\n<li>Tr\u1edf th\u00e0nh chuy\u00ean vi\u00ean ph\u00e1t tri\u1ec3n h\u1ecdc li\u1ec7u t\u1ea1i c\u00f4ng ty c\u00f4ng ngh\u1ec7 gi\u00e1o d\u1ee5c<\/li>\n<li>T\u1ef1 kh\u1edfi nghi\u1ec7p v\u1edbi c\u00e1c d\u1ef1 \u00e1n h\u1ecdc c\u1ee5 s\u00e1ng t\u1ea1o.<\/li>\n<\/ul>\n<p><img loading=\"lazy\" decoding=\"async\" class=\"size-full wp-image-2141 aligncenter\" src=\"https:\/\/sabanlichsudientu.io.vn\/wp-content\/uploads\/2025\/08\/004.jpg\" alt=\"\" width=\"525\" height=\"685\" \/><\/p>\n<p>\u00a0<\/p>\n<p><img loading=\"lazy\" decoding=\"async\" class=\"size-full wp-image-2142 aligncenter\" src=\"https:\/\/sabanlichsudientu.io.vn\/wp-content\/uploads\/2025\/08\/005.jpg\" alt=\"\" width=\"525\" height=\"685\" \/><\/p>\n<p>\u00a0<\/p>\n<p><img loading=\"lazy\" decoding=\"async\" class=\"size-full wp-image-2143 aligncenter\" src=\"https:\/\/sabanlichsudientu.io.vn\/wp-content\/uploads\/2025\/08\/006.jpg\" alt=\"\" width=\"525\" height=\"685\" \/><\/p>\n<p>\u00a0<\/p>\n<p><img loading=\"lazy\" decoding=\"async\" class=\"size-full wp-image-2145 aligncenter\" src=\"https:\/\/sabanlichsudientu.io.vn\/wp-content\/uploads\/2025\/08\/008.jpg\" alt=\"\" width=\"865\" height=\"685\" \/><\/p>\n<p>\u00a0<\/p>\n<p><img loading=\"lazy\" decoding=\"async\" class=\"size-full wp-image-2146 aligncenter\" src=\"https:\/\/sabanlichsudientu.io.vn\/wp-content\/uploads\/2025\/08\/009.jpg\" alt=\"\" width=\"865\" height=\"685\" \/><\/p>\n<p>\u00a0<\/p>\n<p><!--nextpage--><\/p>\n<p>\u00a0<\/p>\n<h2 style=\"text-align: center;\"><strong>3. S\u00c1NG T\u1ea0O \u00dd T\u01af\u1edeNG <\/strong><strong>V\u00c0\u00a0<\/strong><strong>\u00a0<\/strong><strong>THI\u1ebeT K\u1ebe <\/strong><strong>C\u00c1C S\u1ea2N PH\u1ea8M <\/strong><strong>KHOA H\u1eccC<\/strong><\/h2>\n<p>\u00a0 \u00a0 \u00a0 \u00a0C\u00f4ng ty TNHH T\u1ea1 Thanh Thi\u1ec7n \u00a0l\u00e0 \u0111\u01a1n v\u1ecb ti\u00ean phong trong l\u0129nh v\u1ef1c thi\u1ebft k\u1ebf v\u00e0 ph\u00e1t tri\u1ec3n l\u0129nh v\u1ef1c s\u00e1ng t\u1ea1o khoa h\u1ecdc d\u00e0nh cho h\u1ecdc sinh tham gia c\u00e1c cu\u1ed9c thi khoa h\u1ecdc k\u1ef9 thu\u1eadt, tin h\u1ecdc tr\u1ebb v\u00e0 s\u00e1ng t\u1ea1o thanh thi\u1ebfu ni\u00ean nhi \u0111\u1ed3ng. V\u1edbi \u0111\u1ed9i ng\u0169 chuy\u00ean gia gi\u00e0u kinh nghi\u1ec7m trong gi\u00e1o d\u1ee5c, c\u00f4ng ngh\u1ec7 v\u00e0 thi\u1ebft k\u1ebf, ch\u00fang t\u00f4i cam k\u1ebft mang \u0111\u1ebfn nh\u1eefng gi\u1ea3i ph\u00e1p h\u1ecdc c\u1ee5 \u0111\u1ed9c \u0111\u00e1o, th\u1ef1c ti\u1ec5n v\u00e0 \u0111\u1ea1t chu\u1ea9n d\u1ef1 thi c\u00e1c cu\u1ed9c thi l\u1edbn c\u1ea5p t\u1ec9nh, th\u00e0nh ph\u1ed1 v\u00e0 c\u1ea5p b\u1ed9\u2026.<\/p>\n<p><strong>S\u1ea3n ph\u1ea9m &amp; d\u1ecbch v\u1ee5 n\u1ed5i b\u1eadt<\/strong><\/p>\n<ul>\n<li>Thi\u1ebft k\u1ebf m\u00f4 h\u00ecnh khoa h\u1ecdc k\u1ef9 thu\u1eadt: m\u00e1y l\u1ecdc n\u01b0\u1edbc n\u01b0\u1edbc m\u1eb7n th\u00e0nh n\u01b0\u1edbc sinh ho\u1ea1t, h\u1ec7 th\u1ed1ng t\u01b0\u1edbi c\u00e2y th\u00f4ng minh, h\u1ec7 th\u1ed1ng gi\u00e1m s\u00e1t m\u00f4i tr\u01b0\u1eddng, h\u1ec7 th\u1ed1ng th\u1ef1c hi\u1ec7n hi\u1ec7u \u1ee9ng nh\u00e0 k\u00ednh Net Zero\u2026<\/li>\n<li>Ph\u00e1t tri\u1ec3n ph\u1ea7n m\u1ec1m tin h\u1ecdc tr\u1ebb: \u1ee9ng d\u1ee5ng h\u1ecdc t\u1eadp, game gi\u00e1o d\u1ee5c, gi\u1ea3i ph\u00e1p c\u00f4ng ngh\u1ec7 ph\u1ee5c v\u1ee5 c\u1ed9ng \u0111\u1ed3ng<\/li>\n<li>H\u1ecdc c\u1ee5 s\u00e1ng t\u1ea1o th\u00e2n thi\u1ec7n m\u00f4i tr\u01b0\u1eddng: t\u00e1i ch\u1ebf v\u1eadt li\u1ec7u, m\u00f4 h\u00ecnh ti\u1ebft ki\u1ec7m n\u0103ng l\u01b0\u1ee3ng<\/li>\n<li>T\u01b0 v\u1ea5n &amp; hu\u1ea5n luy\u1ec7n h\u1ecdc sinh: t\u1eeb \u00fd t\u01b0\u1edfng \u0111\u1ebfn ho\u00e0n thi\u1ec7n s\u1ea3n ph\u1ea9m d\u1ef1 thi<\/li>\n<\/ul>\n<p><strong>\u00a0Gi\u00e1 tr\u1ecb n\u1ed5i b\u1eadt<\/strong><\/p>\n<ul>\n<li>S\u1ea3n ph\u1ea9m \u0111\u1ea1t ti\u00eau chu\u1ea9n \u0111\u00e1nh gi\u00e1 c\u1ee7a c\u00e1c h\u1ed9i thi c\u1ea5p t\u1ec9nh v\u00e0 qu\u1ed1c gia<\/li>\n<li>H\u1ed7 tr\u1ee3 h\u1ecdc sinh ph\u00e1t tri\u1ec3n t\u01b0 duy s\u00e1ng t\u1ea1o, k\u1ef9 n\u0103ng tr\u00ecnh b\u00e0y v\u00e0 thuy\u1ebft minh<\/li>\n<li>\u0110\u1ed3ng h\u00e0nh c\u00f9ng gi\u00e1o vi\u00ean v\u00e0 ph\u1ee5 huynh trong qu\u00e1 tr\u00ecnh chu\u1ea9n b\u1ecb h\u1ed3 s\u01a1 d\u1ef1 thi<\/li>\n<li><strong><em>Cam k\u1ebft b\u1ea3o m\u1eadt \u00fd t\u01b0\u1edfng<\/em><\/strong> v\u00e0 <strong><em>h\u1ed7 tr\u1ee3 k\u1ef9 thu\u1eadt xuy\u00ean su\u1ed1t qu\u00e1 tr\u00ecnh thi<\/em><\/strong><\/li>\n<\/ul>\n<p><img loading=\"lazy\" decoding=\"async\" class=\"size-full wp-image-2148 aligncenter\" src=\"https:\/\/sabanlichsudientu.io.vn\/wp-content\/uploads\/2025\/08\/014.jpg\" alt=\"\" width=\"525\" height=\"685\" \/><\/p>\n<p>\u00a0<\/p>\n<p><img loading=\"lazy\" decoding=\"async\" class=\"wp-image-2149 aligncenter\" src=\"https:\/\/sabanlichsudientu.io.vn\/wp-content\/uploads\/2025\/08\/010.jpg\" alt=\"\" width=\"512\" height=\"668\" \/><\/p>\n<p>\u00a0<\/p>\n<p><img loading=\"lazy\" decoding=\"async\" class=\"wp-image-2150 aligncenter\" src=\"https:\/\/sabanlichsudientu.io.vn\/wp-content\/uploads\/2025\/08\/011.jpg\" alt=\"\" width=\"510\" height=\"665\" \/><\/p>\n<p>\u00a0<\/p>\n<p><img loading=\"lazy\" decoding=\"async\" class=\"wp-image-2151 aligncenter\" src=\"https:\/\/sabanlichsudientu.io.vn\/wp-content\/uploads\/2025\/08\/012.jpg\" alt=\"\" width=\"511\" height=\"667\" \/><\/p>\n<p>\u00a0<\/p>\n<p><img loading=\"lazy\" decoding=\"async\" class=\"size-full wp-image-2152 aligncenter\" src=\"https:\/\/sabanlichsudientu.io.vn\/wp-content\/uploads\/2025\/08\/013.jpg\" alt=\"\" width=\"525\" height=\"685\" \/><\/p>\n<p>\u00a0<\/p>\n\t\t\n<style>\n#text-119590261 {\n  color: rgb(0,0,0);\n}\n#text-119590261 > * {\n  color: rgb(0,0,0);\n}\n<\/style>\n\t<\/div>\n\t\n\n","protected":false},"excerpt":{"rendered":"","protected":false},"author":4,"featured_media":0,"parent":0,"menu_order":0,"comment_status":"closed","ping_status":"closed","template":"page-right-sidebar.php","meta":{"footnotes":""},"class_list":["post-24","page","type-page","status-publish","hentry"],"_links":{"self":[{"href":"https:\/\/sabanlichsudientu.io.vn\/index.php?rest_route=\/wp\/v2\/pages\/24","targetHints":{"allow":["GET"]}}],"collection":[{"href":"https:\/\/sabanlichsudientu.io.vn\/index.php?rest_route=\/wp\/v2\/pages"}],"about":[{"href":"https:\/\/sabanlichsudientu.io.vn\/index.php?rest_route=\/wp\/v2\/types\/page"}],"author":[{"embeddable":true,"href":"https:\/\/sabanlichsudientu.io.vn\/index.php?rest_route=\/wp\/v2\/users\/4"}],"replies":[{"embeddable":true,"href":"https:\/\/sabanlichsudientu.io.vn\/index.php?rest_route=%2Fwp%2Fv2%2Fcomments&post=24"}],"version-history":[{"count":5,"href":"https:\/\/sabanlichsudientu.io.vn\/index.php?rest_route=\/wp\/v2\/pages\/24\/revisions"}],"predecessor-version":[{"id":2493,"href":"https:\/\/sabanlichsudientu.io.vn\/index.php?rest_route=\/wp\/v2\/pages\/24\/revisions\/2493"}],"wp:attachment":[{"href":"https:\/\/sabanlichsudientu.io.vn\/index.php?rest_route=%2Fwp%2Fv2%2Fmedia&parent=24"}],"curies":[{"name":"wp","href":"https:\/\/api.w.org\/{rel}","templated":true}]}}