{"id":19,"date":"2019-10-15T12:19:36","date_gmt":"2019-10-15T05:19:36","guid":{"rendered":"http:\/\/sabanlichsudientu.io.vn\/?page_id=19"},"modified":"2025-08-05T09:35:43","modified_gmt":"2025-08-05T02:35:43","slug":"thu-vien-tai-lieu","status":"publish","type":"page","link":"https:\/\/sabanlichsudientu.io.vn\/?page_id=19","title":{"rendered":"TH\u01af VI\u1ec6N T\u00c0I LI\u1ec6U"},"content":{"rendered":"\n<h1 style=\"text-align: center;\"><strong>T\u1ea2I T\u00c0I LI\u1ec6U<\/strong><\/h1>\n<h2 style=\"text-align: center;\"><strong>B\u1ea5m v\u00e0o \u0111\u1ec3 t\u1ea3i v\u1ec1<\/strong><\/h2>\n<p><a href=\"https:\/\/sabanlichsudientu.io.vn\/wp-content\/uploads\/2025\/08\/Sa-ban-tran-Ngoc-Hoi-Dong-Da-nam-1789-Khoi-nghia-Tay-Son.docx\">Sa b\u00e0n tr\u1eadn Ng\u1ecdc H\u1ed3i-\u0110\u1ed1ng \u0110a n\u0103m 1789 (Kh\u1edfi ngh\u0129a T\u00e2y S\u01a1n)<\/a><\/p>\n<p><a href=\"https:\/\/sabanlichsudientu.io.vn\/wp-content\/uploads\/2025\/08\/Sa-ban-Thiet-ke-khong-gian-trien-lam-doi-moi-ve-kinh-te-Viet-Nam-truoc-va-sau-nam-1986.docx\">Sa b\u00e0n Thi\u1ebft k\u1ebf kh\u00f4ng gian tri\u1ec3n l\u00e3m \u0111\u1ed5i m\u1edbi v\u1ec1 kinh t\u1ebf Vi\u1ec7t Nam tr\u01b0\u1edbc v\u00e0 sau n\u0103m 1986<\/a><\/p>\n<p><a href=\"https:\/\/sabanlichsudientu.io.vn\/wp-content\/uploads\/2025\/08\/Sa-ban-Thanh-Co-Loa.docx\">Sa b\u00e0n Th\u00e0nh C\u1ed5 Loa<\/a><\/p>\n<p><a href=\"https:\/\/sabanlichsudientu.io.vn\/wp-content\/uploads\/2025\/08\/Sa-ban-Su-kien-ngay-321930-Dang-Cong-San-Viet-Nam-ra-doi.docx\">Sa b\u00e0n S\u1ef1 ki\u1ec7n ng\u00e0y 321930 \u0110\u1ea3ng C\u1ed9ng S\u1ea3n Vi\u1ec7t Nam ra \u0111\u1eddi<\/a><\/p>\n<p><a href=\"https:\/\/sabanlichsudientu.io.vn\/wp-content\/uploads\/2025\/08\/Sa-ban-Phong-tuyen-tren-song-Nhu-Nguyet.docx\">Sa b\u00e0n Ph\u00f2ng tuy\u1ebfn tr\u00ean s\u00f4ng Nh\u01b0 Nguy\u1ec7t<\/a><\/p>\n<p><a href=\"https:\/\/sabanlichsudientu.io.vn\/wp-content\/uploads\/2025\/08\/Sa-ban-Rach-Gam-Xoai-Mut-khoi-nghia-Tay-Son.docx\">Sa b\u00e0n R\u1ea1ch G\u1ea7m-Xo\u00e0i M\u00fat (kh\u1edfi ngh\u0129a T\u00e2y S\u01a1n)<\/a><\/p>\n<p><a href=\"https:\/\/sabanlichsudientu.io.vn\/wp-content\/uploads\/2025\/08\/Sa-ban-moi-truong-doi-nong-doi-lanh-doi-on-hoa.docx\">Sa b\u00e0n m\u00f4i tr\u01b0\u1eddng \u0111\u1edbi n\u00f3ng, \u0111\u1edbi l\u1ea1nh, \u0111\u1edbi \u00f4n h\u00f2a.<\/a><\/p>\n<p><a href=\"https:\/\/sabanlichsudientu.io.vn\/wp-content\/uploads\/2025\/08\/Sa-ban-Dien-Bien-Phu-1954.docx\">Sa b\u00e0n \u0110i\u1ec7n Bi\u00ean Ph\u1ee7 1954<\/a><\/p>\n<p><a href=\"https:\/\/sabanlichsudientu.io.vn\/wp-content\/uploads\/2025\/08\/Sa-ban-dia-ly-tu-nhien-Chau-Phi.docx\">Sa b\u00e0n \u0111\u1ecba l\u00fd t\u1ef1 nhi\u00ean Ch\u00e2u Phi<\/a><\/p>\n<p><a href=\"https:\/\/sabanlichsudientu.io.vn\/wp-content\/uploads\/2025\/08\/Sa-ban-dia-hinh-tu-nhien-va-khoang-san-Viet-Nam.docx\">Sa b\u00e0n \u0111\u1ecba h\u00ecnh t\u1ef1 nhi\u00ean v\u00e0 kho\u00e1ng s\u1ea3n Vi\u1ec7t Nam<\/a><\/p>\n<p><a href=\"https:\/\/sabanlichsudientu.io.vn\/wp-content\/uploads\/2025\/08\/Sa-ban-dia-li-tu-nhien-Chau-Au.docx\">Sa b\u00e0n \u0111\u1ecba l\u00ed t\u1ef1 nhi\u00ean Ch\u00e2u \u00c2u<\/a><\/p>\n<p><a href=\"https:\/\/sabanlichsudientu.io.vn\/wp-content\/uploads\/2025\/08\/Sa-ban-dia-ly-tu-nhien-Chau-Dai-Duong.docx\">Sa b\u00e0n \u0111\u1ecba l\u00fd t\u1ef1 nhi\u00ean Ch\u00e2u \u0110\u1ea1i D\u01b0\u01a1ng<\/a><\/p>\n<p><a href=\"https:\/\/sabanlichsudientu.io.vn\/wp-content\/uploads\/2025\/08\/Sa-ban-dia-ly-tu-nhien-Chau-Nam-Cuc.docx\">Sa b\u00e0n \u0111\u1ecba l\u00fd t\u1ef1 nhi\u00ean Ch\u00e2u Nam C\u1ef1c<\/a><\/p>\n<p><a href=\"https:\/\/sabanlichsudientu.io.vn\/wp-content\/uploads\/2025\/08\/Sa-ban-dia-ly-tu-nhien-chau-My.docx\">Sa b\u00e0n \u0111\u1ecba l\u00fd t\u1ef1 nhi\u00ean ch\u00e2u M\u1ef9<\/a><\/p>\n<p><a href=\"https:\/\/sabanlichsudientu.io.vn\/wp-content\/uploads\/2025\/08\/Sa-ba-dia-ly-tu-nhien-Chau-A.docx\">Sa b\u00e0 \u0111\u1ecba l\u00fd t\u1ef1 nhi\u00ean Ch\u00e2u \u00c1<\/a><\/p>\n<p><a href=\"https:\/\/sabanlichsudientu.io.vn\/wp-content\/uploads\/2025\/08\/Sa-ban-3-lan-danh-quan-Nguyen.docx\">Sa b\u00e0n 3 l\u1ea7n \u0111\u00e1nh qu\u00e2n Nguy\u00ean<\/a><\/p>\n<p><a href=\"https:\/\/sabanlichsudientu.io.vn\/wp-content\/uploads\/2025\/08\/Sa-ban-Ai-Chi-Lang-Khoi-nghia-Lam-Son.docx\">Sa b\u00e0n \u1ea2i Chi L\u0103ng (Kh\u1edfi ngh\u0129a Lam S\u01a1n)<\/a><\/p>\n<p><a href=\"https:\/\/sabanlichsudientu.io.vn\/wp-content\/uploads\/2025\/08\/Sa-ban-cac-loai-hinh-giao-thong-Viet-Nam.docx\">Sa b\u00e0n c\u00e1c lo\u1ea1i h\u00ecnh giao th\u00f4ng Vi\u1ec7t Nam<\/a><\/p>\n<p><a href=\"https:\/\/sabanlichsudientu.io.vn\/wp-content\/uploads\/2025\/08\/Sa-ban-cac-dang-dia-hinh-Dong-bang-cao-nguyen-doi-nui.docx\">Sa b\u00e0n c\u00e1c d\u1ea1ng \u0111\u1ecba h\u00ecnh \u0110\u1ed3ng b\u1eb1ng, cao nguy\u00ean, \u0111\u1ed3i, n\u00fai<\/a><\/p>\n\n","protected":false},"excerpt":{"rendered":"","protected":false},"author":4,"featured_media":1642,"parent":0,"menu_order":0,"comment_status":"closed","ping_status":"closed","template":"page-right-sidebar.php","meta":{"footnotes":""},"class_list":["post-19","page","type-page","status-publish","has-post-thumbnail","hentry"],"_links":{"self":[{"href":"https:\/\/sabanlichsudientu.io.vn\/index.php?rest_route=\/wp\/v2\/pages\/19","targetHints":{"allow":["GET"]}}],"collection":[{"href":"https:\/\/sabanlichsudientu.io.vn\/index.php?rest_route=\/wp\/v2\/pages"}],"about":[{"href":"https:\/\/sabanlichsudientu.io.vn\/index.php?rest_route=\/wp\/v2\/types\/page"}],"author":[{"embeddable":true,"href":"https:\/\/sabanlichsudientu.io.vn\/index.php?rest_route=\/wp\/v2\/users\/4"}],"replies":[{"embeddable":true,"href":"https:\/\/sabanlichsudientu.io.vn\/index.php?rest_route=%2Fwp%2Fv2%2Fcomments&post=19"}],"version-history":[{"count":5,"href":"https:\/\/sabanlichsudientu.io.vn\/index.php?rest_route=\/wp\/v2\/pages\/19\/revisions"}],"predecessor-version":[{"id":2429,"href":"https:\/\/sabanlichsudientu.io.vn\/index.php?rest_route=\/wp\/v2\/pages\/19\/revisions\/2429"}],"wp:featuredmedia":[{"embeddable":true,"href":"https:\/\/sabanlichsudientu.io.vn\/index.php?rest_route=\/wp\/v2\/media\/1642"}],"wp:attachment":[{"href":"https:\/\/sabanlichsudientu.io.vn\/index.php?rest_route=%2Fwp%2Fv2%2Fmedia&parent=19"}],"curies":[{"name":"wp","href":"https:\/\/api.w.org\/{rel}","templated":true}]}}